{"id":76,"date":"2020-09-14T10:48:44","date_gmt":"2020-09-14T08:48:44","guid":{"rendered":"http:\/\/dynamicelements.org\/?page_id=76"},"modified":"2020-09-14T10:48:44","modified_gmt":"2020-09-14T08:48:44","slug":"mission","status":"publish","type":"page","link":"https:\/\/dynamicelements.org\/?page_id=76","title":{"rendered":"Mission"},"content":{"rendered":"\n<p>Dynamic Space of the Elements E.T.S \u00e8 una associazione realizzata grazie alla volont\u00e0 e alla direzione del nostro Maestro Ch\u00f6gyal Namkhai Norbu e ha lo scopo di creare nuovi posti di lavoro per i giovani per poter vivere vicino alla comunit\u00e0 Dzogchen.<br>\nUfficialmente l\u2019associazione, dopo un lungo periodo di preparazione, si \u00e8 costituita il 12 Giugno 2020 e trova la sua sede in via fratelli Cervi 106 a Bagnore. Santa Fiora.<br>\nLe attivit\u00e0 della Dynamic Space sono molteplici:dai diversi corsi ,eventi, mostre, scambi culturali promozioni di nuovi talenti individuali.<br>\nDynamic Space of the Elements offre un nuovo modo per stare pi\u00f9 vicino alla comunit\u00e0 e anche una visione e un servizio nuovo per la societ\u00e0.<\/p>\n","protected":false},"excerpt":{"rendered":"<p>Dynamic Space of the Elements E.T.S \u00e8 una associazione realizzata grazie alla volont\u00e0 e alla direzione del nostro Maestro Ch\u00f6gyal Namkhai Norbu e ha lo scopo di creare nuovi posti di lavoro per i giovani per poter vivere vicino alla comunit\u00e0 Dzogchen. Ufficialmente l\u2019associazione, dopo un lungo periodo di preparazione, si \u00e8 costituita il 12 &hellip; <\/p>\n","protected":false},"author":1,"featured_media":0,"parent":0,"menu_order":0,"comment_status":"closed","ping_status":"closed","template":"","meta":[],"yoast_head":"<!-- This site is optimized with the Yoast SEO plugin v20.11 - https:\/\/yoast.com\/wordpress\/plugins\/seo\/ -->\n<title>Mission - Dynamic Space Of Elements<\/title>\n<meta name=\"robots\" content=\"index, follow, max-snippet:-1, max-image-preview:large, max-video-preview:-1\" \/>\n<link rel=\"canonical\" href=\"https:\/\/dynamicelements.org\/?page_id=76\" \/>\n<meta property=\"og:locale\" content=\"it_IT\" \/>\n<meta property=\"og:type\" content=\"article\" \/>\n<meta property=\"og:title\" content=\"Mission - Dynamic Space Of Elements\" \/>\n<meta property=\"og:description\" content=\"Dynamic Space of the Elements E.T.S \u00e8 una associazione realizzata grazie alla volont\u00e0 e alla direzione del nostro Maestro Ch\u00f6gyal Namkhai Norbu e ha lo scopo di creare nuovi posti di lavoro per i giovani per poter vivere vicino alla comunit\u00e0 Dzogchen. Ufficialmente l\u2019associazione, dopo un lungo periodo di preparazione, si \u00e8 costituita il 12 &hellip;\" \/>\n<meta property=\"og:url\" content=\"https:\/\/dynamicelements.org\/?page_id=76\" \/>\n<meta property=\"og:site_name\" content=\"Dynamic Space Of Elements\" \/>\n<meta name=\"twitter:card\" content=\"summary_large_image\" \/>\n<meta name=\"twitter:label1\" content=\"Tempo di lettura stimato\" \/>\n\t<meta name=\"twitter:data1\" content=\"1 minuto\" \/>\n<script type=\"application\/ld+json\" class=\"yoast-schema-graph\">{\"@context\":\"https:\/\/schema.org\",\"@graph\":[{\"@type\":\"WebPage\",\"@id\":\"https:\/\/dynamicelements.org\/?page_id=76\",\"url\":\"https:\/\/dynamicelements.org\/?page_id=76\",\"name\":\"Mission - Dynamic Space Of Elements\",\"isPartOf\":{\"@id\":\"https:\/\/dynamicelements.org\/#website\"},\"datePublished\":\"2020-09-14T08:48:44+00:00\",\"dateModified\":\"2020-09-14T08:48:44+00:00\",\"breadcrumb\":{\"@id\":\"https:\/\/dynamicelements.org\/?page_id=76#breadcrumb\"},\"inLanguage\":\"it-IT\",\"potentialAction\":[{\"@type\":\"ReadAction\",\"target\":[\"https:\/\/dynamicelements.org\/?page_id=76\"]}]},{\"@type\":\"BreadcrumbList\",\"@id\":\"https:\/\/dynamicelements.org\/?page_id=76#breadcrumb\",\"itemListElement\":[{\"@type\":\"ListItem\",\"position\":1,\"name\":\"Home\",\"item\":\"http:\/\/dynamicelements.org\/\"},{\"@type\":\"ListItem\",\"position\":2,\"name\":\"Mission\"}]},{\"@type\":\"WebSite\",\"@id\":\"https:\/\/dynamicelements.org\/#website\",\"url\":\"https:\/\/dynamicelements.org\/\",\"name\":\"Dynamic Space Of Elements\",\"description\":\"\",\"publisher\":{\"@id\":\"https:\/\/dynamicelements.org\/#organization\"},\"potentialAction\":[{\"@type\":\"SearchAction\",\"target\":{\"@type\":\"EntryPoint\",\"urlTemplate\":\"https:\/\/dynamicelements.org\/?s={search_term_string}\"},\"query-input\":\"required name=search_term_string\"}],\"inLanguage\":\"it-IT\"},{\"@type\":\"Organization\",\"@id\":\"https:\/\/dynamicelements.org\/#organization\",\"name\":\"Dynamic Space of Elements\",\"url\":\"https:\/\/dynamicelements.org\/\",\"logo\":{\"@type\":\"ImageObject\",\"inLanguage\":\"it-IT\",\"@id\":\"https:\/\/dynamicelements.org\/#\/schema\/logo\/image\/\",\"url\":\"https:\/\/dynamicelements.org\/wp-content\/uploads\/2020\/07\/cropped-DSE_long-1.png\",\"contentUrl\":\"https:\/\/dynamicelements.org\/wp-content\/uploads\/2020\/07\/cropped-DSE_long-1.png\",\"width\":3334,\"height\":478,\"caption\":\"Dynamic Space of Elements\"},\"image\":{\"@id\":\"https:\/\/dynamicelements.org\/#\/schema\/logo\/image\/\"}}]}<\/script>\n<!-- \/ Yoast SEO plugin. -->","yoast_head_json":{"title":"Mission - Dynamic Space Of Elements","robots":{"index":"index","follow":"follow","max-snippet":"max-snippet:-1","max-image-preview":"max-image-preview:large","max-video-preview":"max-video-preview:-1"},"canonical":"https:\/\/dynamicelements.org\/?page_id=76","og_locale":"it_IT","og_type":"article","og_title":"Mission - Dynamic Space Of Elements","og_description":"Dynamic Space of the Elements E.T.S \u00e8 una associazione realizzata grazie alla volont\u00e0 e alla direzione del nostro Maestro Ch\u00f6gyal Namkhai Norbu e ha lo scopo di creare nuovi posti di lavoro per i giovani per poter vivere vicino alla comunit\u00e0 Dzogchen. Ufficialmente l\u2019associazione, dopo un lungo periodo di preparazione, si \u00e8 costituita il 12 &hellip;","og_url":"https:\/\/dynamicelements.org\/?page_id=76","og_site_name":"Dynamic Space Of Elements","twitter_card":"summary_large_image","twitter_misc":{"Tempo di lettura stimato":"1 minuto"},"schema":{"@context":"https:\/\/schema.org","@graph":[{"@type":"WebPage","@id":"https:\/\/dynamicelements.org\/?page_id=76","url":"https:\/\/dynamicelements.org\/?page_id=76","name":"Mission - Dynamic Space Of Elements","isPartOf":{"@id":"https:\/\/dynamicelements.org\/#website"},"datePublished":"2020-09-14T08:48:44+00:00","dateModified":"2020-09-14T08:48:44+00:00","breadcrumb":{"@id":"https:\/\/dynamicelements.org\/?page_id=76#breadcrumb"},"inLanguage":"it-IT","potentialAction":[{"@type":"ReadAction","target":["https:\/\/dynamicelements.org\/?page_id=76"]}]},{"@type":"BreadcrumbList","@id":"https:\/\/dynamicelements.org\/?page_id=76#breadcrumb","itemListElement":[{"@type":"ListItem","position":1,"name":"Home","item":"http:\/\/dynamicelements.org\/"},{"@type":"ListItem","position":2,"name":"Mission"}]},{"@type":"WebSite","@id":"https:\/\/dynamicelements.org\/#website","url":"https:\/\/dynamicelements.org\/","name":"Dynamic Space Of Elements","description":"","publisher":{"@id":"https:\/\/dynamicelements.org\/#organization"},"potentialAction":[{"@type":"SearchAction","target":{"@type":"EntryPoint","urlTemplate":"https:\/\/dynamicelements.org\/?s={search_term_string}"},"query-input":"required name=search_term_string"}],"inLanguage":"it-IT"},{"@type":"Organization","@id":"https:\/\/dynamicelements.org\/#organization","name":"Dynamic Space of Elements","url":"https:\/\/dynamicelements.org\/","logo":{"@type":"ImageObject","inLanguage":"it-IT","@id":"https:\/\/dynamicelements.org\/#\/schema\/logo\/image\/","url":"https:\/\/dynamicelements.org\/wp-content\/uploads\/2020\/07\/cropped-DSE_long-1.png","contentUrl":"https:\/\/dynamicelements.org\/wp-content\/uploads\/2020\/07\/cropped-DSE_long-1.png","width":3334,"height":478,"caption":"Dynamic Space of Elements"},"image":{"@id":"https:\/\/dynamicelements.org\/#\/schema\/logo\/image\/"}}]}},"_links":{"self":[{"href":"https:\/\/dynamicelements.org\/index.php?rest_route=\/wp\/v2\/pages\/76"}],"collection":[{"href":"https:\/\/dynamicelements.org\/index.php?rest_route=\/wp\/v2\/pages"}],"about":[{"href":"https:\/\/dynamicelements.org\/index.php?rest_route=\/wp\/v2\/types\/page"}],"author":[{"embeddable":true,"href":"https:\/\/dynamicelements.org\/index.php?rest_route=\/wp\/v2\/users\/1"}],"replies":[{"embeddable":true,"href":"https:\/\/dynamicelements.org\/index.php?rest_route=%2Fwp%2Fv2%2Fcomments&post=76"}],"version-history":[{"count":1,"href":"https:\/\/dynamicelements.org\/index.php?rest_route=\/wp\/v2\/pages\/76\/revisions"}],"predecessor-version":[{"id":77,"href":"https:\/\/dynamicelements.org\/index.php?rest_route=\/wp\/v2\/pages\/76\/revisions\/77"}],"wp:attachment":[{"href":"https:\/\/dynamicelements.org\/index.php?rest_route=%2Fwp%2Fv2%2Fmedia&parent=76"}],"curies":[{"name":"wp","href":"https:\/\/api.w.org\/{rel}","templated":true}]}}